{"id":41,"date":"2023-07-04T20:40:17","date_gmt":"2023-07-04T18:40:17","guid":{"rendered":"https:\/\/www.seznamnovinek.cz\/?page_id=41"},"modified":"2025-02-26T19:14:39","modified_gmt":"2025-02-26T18:14:39","slug":"byk-vase-predpovedi-tydenniho-horoskopu","status":"publish","type":"page","link":"https:\/\/www.seznamnovinek.cz\/","title":{"rendered":"B\u00fdk: va\u0161e p\u0159edpov\u011bdi t\u00fddenn\u00edho horoskopu"},"content":{"rendered":"\n<p>P\u0159ich\u00e1z\u00ed pond\u011bl\u00ed 3. \u010dervence 2023 a s n\u00edm nov\u00fd t\u00fdden pln\u00fd p\u0159\u00edle\u017eitost\u00ed a v\u00fdzev pro v\u0161echna znamen\u00ed zv\u011brokruhu. Chcete-li tento t\u00fdden vyu\u017e\u00edt co nejl\u00e9pe, v\u011bnujte \u010das prolistov\u00e1n\u00ed sv\u00e9ho t\u00fddenn\u00edho horoskopu. <a href=\"https:\/\/zpravyaktualne.cz\/proc-by-mely-kotvicnik-zemni-uzivat-i-zeny\/\" title=\"T\u00fddenn\u00ed horoskop\">T\u00fddenn\u00ed horoskop<\/a> v\u00e1m m\u016f\u017ee poskytnout informace o obecn\u00fdch trendech, kter\u00e9 se t\u00fdkaj\u00ed v\u0161ech znamen\u00ed zv\u011brokruhu pro nadch\u00e1zej\u00edc\u00ed t\u00fdden, a tak\u00e9 v\u00e1m poskytne konkr\u00e9tn\u00ed rady pro va\u0161e znamen\u00ed.<\/p>\n\n\n\n<p>Va\u0161e znamen\u00ed zv\u011brokruhu v\u00e1m pom\u016f\u017ee p\u0159edpov\u011bd\u011bt, co se tento t\u00fdden stane ve va\u0161em \u017eivot\u011b. Ka\u017ed\u00e9 znamen\u00ed bude m\u00edt jinou energii, proto si pe\u010dliv\u011b p\u0159e\u010dt\u011bte sv\u016fj horoskop, abyste z n\u011bj vyt\u011b\u017eili co nejv\u00edce. Je d\u016fle\u017eit\u00e9 m\u00edt na pam\u011bti, \u017ee horoskopy jsou n\u00e1strojem pro orientaci a nem\u011bly by b\u00fdt br\u00e1ny jako absolutn\u00ed p\u0159edpov\u011b\u010f. Pou\u017e\u00edvejte je jako vod\u00edtko k informovan\u00e9mu rozhodov\u00e1n\u00ed a prom\u011b\u0148ujte <a href=\"https:\/\/aktuality24.cz\/zpravy\/\" title=\"sv\u016fj \u017eivot\">sv\u016fj \u017eivot<\/a> na z\u00e1klad\u011b toho, co se dozv\u00edte.<\/p>\n\n\n\n<figure class=\"wp-block-image size-large\"><img loading=\"lazy\" decoding=\"async\" width=\"1024\" height=\"712\" src=\"https:\/\/www.seznamnovinek.cz\/wp-content\/uploads\/2023\/07\/il_fullxfull.2929792309_ogn2-1024x712.jpg\" alt=\"\" class=\"wp-image-44\" srcset=\"https:\/\/www.seznamnovinek.cz\/wp-content\/uploads\/2023\/07\/il_fullxfull.2929792309_ogn2-1024x712.jpg 1024w, https:\/\/www.seznamnovinek.cz\/wp-content\/uploads\/2023\/07\/il_fullxfull.2929792309_ogn2-300x209.jpg 300w, https:\/\/www.seznamnovinek.cz\/wp-content\/uploads\/2023\/07\/il_fullxfull.2929792309_ogn2-768x534.jpg 768w, https:\/\/www.seznamnovinek.cz\/wp-content\/uploads\/2023\/07\/il_fullxfull.2929792309_ogn2-1536x1068.jpg 1536w, https:\/\/www.seznamnovinek.cz\/wp-content\/uploads\/2023\/07\/il_fullxfull.2929792309_ogn2-431x300.jpg 431w, https:\/\/www.seznamnovinek.cz\/wp-content\/uploads\/2023\/07\/il_fullxfull.2929792309_ogn2-20x14.jpg 20w, https:\/\/www.seznamnovinek.cz\/wp-content\/uploads\/2023\/07\/il_fullxfull.2929792309_ogn2.jpg 2048w\" sizes=\"auto, (max-width: 1024px) 100vw, 1024px\" \/><\/figure>\n\n\n\n<h2 class=\"wp-block-heading\">Nov\u00fd <a href=\"https:\/\/zoznam.wiki\/pre-zeny\/\" title=\"t\u00fdden\">t\u00fdden<\/a><\/h2>\n\n\n\n<p>P\u0159ich\u00e1z\u00ed pond\u011bl\u00ed 3. \u010dervence 2023 a s n\u00edm nov\u00fd t\u00fdden pln\u00fd p\u0159\u00edle\u017eitost\u00ed a v\u00fdzev pro v\u0161echna znamen\u00ed zv\u011brokruhu. Chcete-li tento t\u00fdden vyu\u017e\u00edt co nejl\u00e9pe, v\u011bnujte \u010das prolistov\u00e1n\u00ed sv\u00e9ho t\u00fddenn\u00edho horoskopu. T\u00fddenn\u00ed horoskop v\u00e1m m\u016f\u017ee poskytnout informace o obecn\u00fdch trendech, kter\u00e9 se t\u00fdkaj\u00ed v\u0161ech znamen\u00ed zv\u011brokruhu pro nadch\u00e1zej\u00edc\u00ed t\u00fdden, a tak\u00e9 v\u00e1m poskytne konkr\u00e9tn\u00ed rady pro va\u0161e znamen\u00ed.<\/p>\n\n\n\n<p>Na za\u010d\u00e1tek se na chv\u00edli zamyslete nad t\u00edm, \u010deho chcete b\u011bhem t\u011bchto sedmi dn\u016f dos\u00e1hnout. Pot\u00e9 si pozorn\u011b p\u0159e\u010dt\u011bte tyto astrologick\u00e9 p\u0159edpov\u011bdi pro jednotliv\u00e1 znamen\u00ed zv\u011brokruhu. Mo\u017en\u00e1 v nich najdete vod\u00edtka, jak p\u0159ekonat p\u0159ek\u00e1\u017eky, informace o l\u00e1sce a pr\u00e1ci nebo n\u00e1pady, jak zlep\u0161it svou osobn\u00ed pohodu.<\/p>\n\n\n\n<h2 class=\"wp-block-heading\">Bl\u00ed\u017eenci: va\u0161e p\u0159edpov\u011bdi t\u00fddenn\u00edho horoskopu<\/h2>\n\n\n\n<p>A\u0165 u\u017e je va\u0161e znamen\u00ed zv\u011brokruhu jak\u00e9koli, tento nov\u00fd t\u00fdden m\u016f\u017ee b\u00fdt p\u0159\u00edle\u017eitost\u00ed k r\u016fstu a zlep\u0161en\u00ed. Ud\u011blejte si \u010das a p\u0159e\u010dt\u011bte si sv\u016fj t\u00fddenn\u00ed horoskop a zjist\u011bte, jak jeho p\u0159edpov\u011bdi mohou odpov\u00eddat okolnostem a ud\u00e1lostem, kter\u00e9 m\u00e1te p\u0159ed sebou, abyste mohli pln\u011b vyu\u017e\u00edt v\u0161eho, co v\u00e1m nab\u00edz\u00ed.<\/p>\n\n\n\n<h2 class=\"wp-block-heading\">T\u00fddenn\u00ed horoskop<\/h2>\n\n\n\n<p>P\u0159ed n\u00e1mi je dal\u0161\u00ed t\u00fdden a s n\u00edm i pravideln\u00e1 p\u0159edpov\u011b\u010f hv\u011bzd! N\u011bkte\u0159\u00ed dostanou nazna\u010deno, \u017ee to se sv\u00fdmi aktivitami p\u0159eh\u00e1n\u00ed, jin\u00ed se dozv\u00ed pravdu, kter\u00e1 se jim nebude l\u00edbit. Hv\u011bzdy tentokr\u00e1t p\u0159edpov\u00eddaj\u00ed <a href=\"https:\/\/ibydleni.cz\/elegantni-a-stylova-moda-pro-plnostihle\/\" title=\"velk\u00e9 \u017eivotn\u00ed kroky\">velk\u00e9 \u017eivotn\u00ed kroky<\/a>. Kdo absolvuje d\u016fle\u017eitou pracovn\u00ed sch\u016fzku? A kdo se bezhlav\u011b zamiluje? To se dozv\u00edte v na\u0161em T\u00ddDENN\u00cdM HOROSKOPU! .<\/p>\n\n\n\n<p>Tento t\u00fdden se budeme zab\u00fdvat pohyby planet, kter\u00e9 ovliv\u0148uj\u00ed jednotliv\u00e1 znamen\u00ed zv\u011brokruhu, a p\u0159\u00edle\u017eitostmi, kter\u00e9 nab\u00edzej\u00ed. Uvid\u00edme, jak tyto energie mohou ovlivnit n\u00e1\u0161 \u017eivot a jak je m\u016f\u017eeme co nejl\u00e9pe vyu\u017e\u00edt k dosa\u017een\u00ed sv\u00fdch c\u00edl\u016f a sn\u016f. Jste tedy p\u0159ipraveni zjistit, co pro v\u00e1s vesm\u00edr p\u0159ipravil? Za\u010dn\u011bme! .<\/p>\n","protected":false},"excerpt":{"rendered":"<p>P\u0159ich\u00e1z\u00ed pond\u011bl\u00ed 3. \u010dervence 2023 a s n\u00edm nov\u00fd t\u00fdden pln\u00fd p\u0159\u00edle\u017eitost\u00ed a v\u00fdzev pro v\u0161echna znamen\u00ed zv\u011brokruhu. Chcete-li tento t\u00fdden vyu\u017e\u00edt co nejl\u00e9pe, v\u011bnujte \u010das prolistov\u00e1n\u00ed sv\u00e9ho t\u00fddenn\u00edho horoskopu. T\u00fddenn\u00ed horoskop v\u00e1m m\u016f\u017ee poskytnout informace o obecn\u00fdch trendech, kter\u00e9 &hellip; <a href=\"https:\/\/www.seznamnovinek.cz\/\">Cel\u00fd p\u0159\u00edsp\u011bvek <span class=\"meta-nav\">&rarr;<\/span><\/a><\/p>\n","protected":false},"author":1,"featured_media":14,"parent":0,"menu_order":0,"comment_status":"closed","ping_status":"closed","template":"","meta":{"_sitemap_exclude":false,"_sitemap_priority":"","_sitemap_frequency":"","footnotes":""},"class_list":["post-41","page","type-page","status-publish","has-post-thumbnail","hentry"],"aioseo_notices":[],"_links":{"self":[{"href":"https:\/\/www.seznamnovinek.cz\/index.php?rest_route=\/wp\/v2\/pages\/41","targetHints":{"allow":["GET"]}}],"collection":[{"href":"https:\/\/www.seznamnovinek.cz\/index.php?rest_route=\/wp\/v2\/pages"}],"about":[{"href":"https:\/\/www.seznamnovinek.cz\/index.php?rest_route=\/wp\/v2\/types\/page"}],"author":[{"embeddable":true,"href":"https:\/\/www.seznamnovinek.cz\/index.php?rest_route=\/wp\/v2\/users\/1"}],"replies":[{"embeddable":true,"href":"https:\/\/www.seznamnovinek.cz\/index.php?rest_route=%2Fwp%2Fv2%2Fcomments&post=41"}],"version-history":[{"count":8,"href":"https:\/\/www.seznamnovinek.cz\/index.php?rest_route=\/wp\/v2\/pages\/41\/revisions"}],"predecessor-version":[{"id":67,"href":"https:\/\/www.seznamnovinek.cz\/index.php?rest_route=\/wp\/v2\/pages\/41\/revisions\/67"}],"wp:featuredmedia":[{"embeddable":true,"href":"https:\/\/www.seznamnovinek.cz\/index.php?rest_route=\/wp\/v2\/media\/14"}],"wp:attachment":[{"href":"https:\/\/www.seznamnovinek.cz\/index.php?rest_route=%2Fwp%2Fv2%2Fmedia&parent=41"}],"curies":[{"name":"wp","href":"https:\/\/api.w.org\/{rel}","templated":true}]}}